{"id":71,"date":"2019-10-06T11:03:16","date_gmt":"2019-10-06T09:03:16","guid":{"rendered":"https:\/\/vonbulow.org\/verdensmaal\/?page_id=71"},"modified":"2024-02-05T08:48:54","modified_gmt":"2024-02-05T07:48:54","slug":"tips-tricks-til-verdensmaalene","status":"publish","type":"page","link":"https:\/\/esgsoroe.dk\/verdensmaal\/tips-tricks-til-verdensmaalene\/","title":{"rendered":"Tips &#038; tricks"},"content":{"rendered":"<p>Vi har samlet en masse v\u00e6rkt\u00f8jer og arbejdsmetoder, som kan bruges i forbindelse med udpegning af de verdensm\u00e5l, som passer bedst til din virksomhed. Der er ogs\u00e5 v\u00e6rkt\u00f8jer til id\u00e9udvikling og implementering af de verdensm\u00e5l, I har valgt.<\/p>\n<p>Har du brug for support til at komme i gang, kan du kontakte:<br \/>\nSor\u00f8 Erhverv p\u00e5 tlf. <a href=\"tel:57876035\">5787 6035<\/a> eller mail <a href=\"mailto:erhvervs@soroe.dk\">erhvervs@soroe.dk<\/a><\/p>\n","protected":false},"excerpt":{"rendered":"<p>Vi har samlet en masse v\u00e6rkt\u00f8jer og arbejdsmetoder, som kan bruges i forbindelse med udpegning af de verdensm\u00e5l, som passer bedst til din virksomhed. Der er ogs\u00e5 v\u00e6rkt\u00f8jer til id\u00e9udvikling og implementering af de verdensm\u00e5l, I har valgt. Har du brug for support til at komme i gang, kan du kontakte: Sor\u00f8 Erhverv p\u00e5 tlf.? <\/p>\n<p><a href=\"https:\/\/esgsoroe.dk\/verdensmaal\/tips-tricks-til-verdensmaalene\/\">[ L&aelig;s mere &raquo; ]<\/a><\/p>\n","protected":false},"author":1,"featured_media":0,"parent":0,"menu_order":3,"comment_status":"closed","ping_status":"closed","template":"page-tips-tricks.php","meta":{"_acf_changed":false,"footnotes":""},"class_list":["post-71","page","type-page","status-publish","hentry"],"acf":[],"yoast_head":"<!-- This site is optimized with the Yoast SEO plugin v27.4 - https:\/\/yoast.com\/product\/yoast-seo-wordpress\/ -->\n<title>Tips &amp; tricks - Verdensm\u00e5l<\/title>\n<meta name=\"description\" content=\"Vi har samlet en masse v\u00e6rkt\u00f8jer og arbejdsmetoder som kan bruges i forbindelse med udpegning af de verdensm\u00e5l som passer bedst til din virksomhed.\" \/>\n<meta name=\"robots\" content=\"index, follow, max-snippet:-1, max-image-preview:large, max-video-preview:-1\" \/>\n<link rel=\"canonical\" href=\"https:\/\/esgsoroe.dk\/verdensmaal\/tips-tricks-til-verdensmaalene\/\" \/>\n<meta property=\"og:locale\" content=\"da_DK\" \/>\n<meta property=\"og:type\" content=\"article\" \/>\n<meta property=\"og:title\" content=\"Tips &amp; tricks - Verdensm\u00e5l\" \/>\n<meta property=\"og:description\" content=\"Vi har samlet en masse v\u00e6rkt\u00f8jer og arbejdsmetoder som kan bruges i forbindelse med udpegning af de verdensm\u00e5l som passer bedst til din virksomhed.\" \/>\n<meta property=\"og:url\" content=\"https:\/\/esgsoroe.dk\/verdensmaal\/tips-tricks-til-verdensmaalene\/\" \/>\n<meta property=\"og:site_name\" content=\"Verdensm\u00e5l\" \/>\n<meta property=\"article:modified_time\" content=\"2024-02-05T07:48:54+00:00\" \/>\n<meta name=\"twitter:card\" content=\"summary_large_image\" \/>\n<meta name=\"twitter:label1\" content=\"Estimeret l\u00e6setid\" \/>\n\t<meta name=\"twitter:data1\" content=\"1 minut\" \/>\n<script type=\"application\/ld+json\" class=\"yoast-schema-graph\">{\"@context\":\"https:\\\/\\\/schema.org\",\"@graph\":[{\"@type\":\"WebPage\",\"@id\":\"https:\\\/\\\/esgsoroe.dk\\\/verdensmaal\\\/tips-tricks-til-verdensmaalene\\\/\",\"url\":\"https:\\\/\\\/esgsoroe.dk\\\/verdensmaal\\\/tips-tricks-til-verdensmaalene\\\/\",\"name\":\"Tips & tricks - Verdensm\u00e5l\",\"isPartOf\":{\"@id\":\"https:\\\/\\\/esgsoroe.dk\\\/verdensmaal\\\/#website\"},\"datePublished\":\"2019-10-06T09:03:16+00:00\",\"dateModified\":\"2024-02-05T07:48:54+00:00\",\"description\":\"Vi har samlet en masse v\u00e6rkt\u00f8jer og arbejdsmetoder som kan bruges i forbindelse med udpegning af de verdensm\u00e5l som passer bedst til din virksomhed.\",\"breadcrumb\":{\"@id\":\"https:\\\/\\\/esgsoroe.dk\\\/verdensmaal\\\/tips-tricks-til-verdensmaalene\\\/#breadcrumb\"},\"inLanguage\":\"da-DK\",\"potentialAction\":[{\"@type\":\"ReadAction\",\"target\":[\"https:\\\/\\\/esgsoroe.dk\\\/verdensmaal\\\/tips-tricks-til-verdensmaalene\\\/\"]}]},{\"@type\":\"BreadcrumbList\",\"@id\":\"https:\\\/\\\/esgsoroe.dk\\\/verdensmaal\\\/tips-tricks-til-verdensmaalene\\\/#breadcrumb\",\"itemListElement\":[{\"@type\":\"ListItem\",\"position\":1,\"name\":\"Hjem\",\"item\":\"https:\\\/\\\/esgsoroe.dk\\\/verdensmaal\\\/\"},{\"@type\":\"ListItem\",\"position\":2,\"name\":\"Tips &#038; tricks\"}]},{\"@type\":\"WebSite\",\"@id\":\"https:\\\/\\\/esgsoroe.dk\\\/verdensmaal\\\/#website\",\"url\":\"https:\\\/\\\/esgsoroe.dk\\\/verdensmaal\\\/\",\"name\":\"Verdensm\u00e5l\",\"description\":\"- for b\u00e6redygtig udvikling\",\"potentialAction\":[{\"@type\":\"SearchAction\",\"target\":{\"@type\":\"EntryPoint\",\"urlTemplate\":\"https:\\\/\\\/esgsoroe.dk\\\/verdensmaal\\\/?s={search_term_string}\"},\"query-input\":{\"@type\":\"PropertyValueSpecification\",\"valueRequired\":true,\"valueName\":\"search_term_string\"}}],\"inLanguage\":\"da-DK\"}]}<\/script>\n<!-- \/ Yoast SEO plugin. -->","yoast_head_json":{"title":"Tips & tricks - Verdensm\u00e5l","description":"Vi har samlet en masse v\u00e6rkt\u00f8jer og arbejdsmetoder som kan bruges i forbindelse med udpegning af de verdensm\u00e5l som passer bedst til din virksomhed.","robots":{"index":"index","follow":"follow","max-snippet":"max-snippet:-1","max-image-preview":"max-image-preview:large","max-video-preview":"max-video-preview:-1"},"canonical":"https:\/\/esgsoroe.dk\/verdensmaal\/tips-tricks-til-verdensmaalene\/","og_locale":"da_DK","og_type":"article","og_title":"Tips & tricks - Verdensm\u00e5l","og_description":"Vi har samlet en masse v\u00e6rkt\u00f8jer og arbejdsmetoder som kan bruges i forbindelse med udpegning af de verdensm\u00e5l som passer bedst til din virksomhed.","og_url":"https:\/\/esgsoroe.dk\/verdensmaal\/tips-tricks-til-verdensmaalene\/","og_site_name":"Verdensm\u00e5l","article_modified_time":"2024-02-05T07:48:54+00:00","twitter_card":"summary_large_image","twitter_misc":{"Estimeret l\u00e6setid":"1 minut"},"schema":{"@context":"https:\/\/schema.org","@graph":[{"@type":"WebPage","@id":"https:\/\/esgsoroe.dk\/verdensmaal\/tips-tricks-til-verdensmaalene\/","url":"https:\/\/esgsoroe.dk\/verdensmaal\/tips-tricks-til-verdensmaalene\/","name":"Tips & tricks - Verdensm\u00e5l","isPartOf":{"@id":"https:\/\/esgsoroe.dk\/verdensmaal\/#website"},"datePublished":"2019-10-06T09:03:16+00:00","dateModified":"2024-02-05T07:48:54+00:00","description":"Vi har samlet en masse v\u00e6rkt\u00f8jer og arbejdsmetoder som kan bruges i forbindelse med udpegning af de verdensm\u00e5l som passer bedst til din virksomhed.","breadcrumb":{"@id":"https:\/\/esgsoroe.dk\/verdensmaal\/tips-tricks-til-verdensmaalene\/#breadcrumb"},"inLanguage":"da-DK","potentialAction":[{"@type":"ReadAction","target":["https:\/\/esgsoroe.dk\/verdensmaal\/tips-tricks-til-verdensmaalene\/"]}]},{"@type":"BreadcrumbList","@id":"https:\/\/esgsoroe.dk\/verdensmaal\/tips-tricks-til-verdensmaalene\/#breadcrumb","itemListElement":[{"@type":"ListItem","position":1,"name":"Hjem","item":"https:\/\/esgsoroe.dk\/verdensmaal\/"},{"@type":"ListItem","position":2,"name":"Tips &#038; tricks"}]},{"@type":"WebSite","@id":"https:\/\/esgsoroe.dk\/verdensmaal\/#website","url":"https:\/\/esgsoroe.dk\/verdensmaal\/","name":"Verdensm\u00e5l","description":"- for b\u00e6redygtig udvikling","potentialAction":[{"@type":"SearchAction","target":{"@type":"EntryPoint","urlTemplate":"https:\/\/esgsoroe.dk\/verdensmaal\/?s={search_term_string}"},"query-input":{"@type":"PropertyValueSpecification","valueRequired":true,"valueName":"search_term_string"}}],"inLanguage":"da-DK"}]}},"_links":{"self":[{"href":"https:\/\/esgsoroe.dk\/verdensmaal\/wp-json\/wp\/v2\/pages\/71","targetHints":{"allow":["GET"]}}],"collection":[{"href":"https:\/\/esgsoroe.dk\/verdensmaal\/wp-json\/wp\/v2\/pages"}],"about":[{"href":"https:\/\/esgsoroe.dk\/verdensmaal\/wp-json\/wp\/v2\/types\/page"}],"author":[{"embeddable":true,"href":"https:\/\/esgsoroe.dk\/verdensmaal\/wp-json\/wp\/v2\/users\/1"}],"replies":[{"embeddable":true,"href":"https:\/\/esgsoroe.dk\/verdensmaal\/wp-json\/wp\/v2\/comments?post=71"}],"version-history":[{"count":7,"href":"https:\/\/esgsoroe.dk\/verdensmaal\/wp-json\/wp\/v2\/pages\/71\/revisions"}],"predecessor-version":[{"id":727,"href":"https:\/\/esgsoroe.dk\/verdensmaal\/wp-json\/wp\/v2\/pages\/71\/revisions\/727"}],"wp:attachment":[{"href":"https:\/\/esgsoroe.dk\/verdensmaal\/wp-json\/wp\/v2\/media?parent=71"}],"curies":[{"name":"wp","href":"https:\/\/api.w.org\/{rel}","templated":true}]}}