{"id":164,"date":"2019-10-08T17:56:13","date_gmt":"2019-10-08T15:56:13","guid":{"rendered":"https:\/\/vonbulow.org\/verdensmaal\/?page_id=164"},"modified":"2019-12-02T11:06:30","modified_gmt":"2019-12-02T10:06:30","slug":"indsend-din-ide","status":"publish","type":"page","link":"https:\/\/esgsoroe.dk\/verdensmaal\/indsend-din-ide\/","title":{"rendered":"Indsend din id\u00e9"},"content":{"rendered":"<p>Har du en god id\u00e9, s\u00e5 udfyld felterne herunder og send den til os.<\/p>\n","protected":false},"excerpt":{"rendered":"<p>Har du en god id\u00e9, s\u00e5 udfyld felterne herunder og send den til os.<\/p>\n","protected":false},"author":1,"featured_media":0,"parent":0,"menu_order":8,"comment_status":"closed","ping_status":"closed","template":"page-send-ide.php","meta":{"_acf_changed":false,"footnotes":""},"class_list":["post-164","page","type-page","status-publish","hentry"],"acf":[],"yoast_head":"<!-- This site is optimized with the Yoast SEO plugin v27.4 - https:\/\/yoast.com\/product\/yoast-seo-wordpress\/ -->\n<title>Indsend din id\u00e9 - Verdensm\u00e5l<\/title>\n<meta name=\"robots\" content=\"noindex, nofollow\" \/>\n<meta property=\"og:locale\" content=\"da_DK\" \/>\n<meta property=\"og:type\" content=\"article\" \/>\n<meta property=\"og:title\" content=\"Indsend din id\u00e9 - Verdensm\u00e5l\" \/>\n<meta property=\"og:description\" content=\"Har du en god id\u00e9, s\u00e5 udfyld felterne herunder og send den til os.\" \/>\n<meta property=\"og:url\" content=\"https:\/\/esgsoroe.dk\/verdensmaal\/indsend-din-ide\/\" \/>\n<meta property=\"og:site_name\" content=\"Verdensm\u00e5l\" \/>\n<meta property=\"article:modified_time\" content=\"2019-12-02T10:06:30+00:00\" \/>\n<meta name=\"twitter:card\" content=\"summary_large_image\" \/>\n<script type=\"application\/ld+json\" class=\"yoast-schema-graph\">{\"@context\":\"https:\\\/\\\/schema.org\",\"@graph\":[{\"@type\":\"WebPage\",\"@id\":\"https:\\\/\\\/esgsoroe.dk\\\/verdensmaal\\\/indsend-din-ide\\\/\",\"url\":\"https:\\\/\\\/esgsoroe.dk\\\/verdensmaal\\\/indsend-din-ide\\\/\",\"name\":\"Indsend din id\u00e9 - Verdensm\u00e5l\",\"isPartOf\":{\"@id\":\"https:\\\/\\\/esgsoroe.dk\\\/verdensmaal\\\/#website\"},\"datePublished\":\"2019-10-08T15:56:13+00:00\",\"dateModified\":\"2019-12-02T10:06:30+00:00\",\"breadcrumb\":{\"@id\":\"https:\\\/\\\/esgsoroe.dk\\\/verdensmaal\\\/indsend-din-ide\\\/#breadcrumb\"},\"inLanguage\":\"da-DK\",\"potentialAction\":[{\"@type\":\"ReadAction\",\"target\":[\"https:\\\/\\\/esgsoroe.dk\\\/verdensmaal\\\/indsend-din-ide\\\/\"]}]},{\"@type\":\"BreadcrumbList\",\"@id\":\"https:\\\/\\\/esgsoroe.dk\\\/verdensmaal\\\/indsend-din-ide\\\/#breadcrumb\",\"itemListElement\":[{\"@type\":\"ListItem\",\"position\":1,\"name\":\"Hjem\",\"item\":\"https:\\\/\\\/esgsoroe.dk\\\/verdensmaal\\\/\"},{\"@type\":\"ListItem\",\"position\":2,\"name\":\"Indsend din id\u00e9\"}]},{\"@type\":\"WebSite\",\"@id\":\"https:\\\/\\\/esgsoroe.dk\\\/verdensmaal\\\/#website\",\"url\":\"https:\\\/\\\/esgsoroe.dk\\\/verdensmaal\\\/\",\"name\":\"Verdensm\u00e5l\",\"description\":\"- for b\u00e6redygtig udvikling\",\"potentialAction\":[{\"@type\":\"SearchAction\",\"target\":{\"@type\":\"EntryPoint\",\"urlTemplate\":\"https:\\\/\\\/esgsoroe.dk\\\/verdensmaal\\\/?s={search_term_string}\"},\"query-input\":{\"@type\":\"PropertyValueSpecification\",\"valueRequired\":true,\"valueName\":\"search_term_string\"}}],\"inLanguage\":\"da-DK\"}]}<\/script>\n<!-- \/ Yoast SEO plugin. -->","yoast_head_json":{"title":"Indsend din id\u00e9 - Verdensm\u00e5l","robots":{"index":"noindex","follow":"nofollow"},"og_locale":"da_DK","og_type":"article","og_title":"Indsend din id\u00e9 - Verdensm\u00e5l","og_description":"Har du en god id\u00e9, s\u00e5 udfyld felterne herunder og send den til os.","og_url":"https:\/\/esgsoroe.dk\/verdensmaal\/indsend-din-ide\/","og_site_name":"Verdensm\u00e5l","article_modified_time":"2019-12-02T10:06:30+00:00","twitter_card":"summary_large_image","schema":{"@context":"https:\/\/schema.org","@graph":[{"@type":"WebPage","@id":"https:\/\/esgsoroe.dk\/verdensmaal\/indsend-din-ide\/","url":"https:\/\/esgsoroe.dk\/verdensmaal\/indsend-din-ide\/","name":"Indsend din id\u00e9 - Verdensm\u00e5l","isPartOf":{"@id":"https:\/\/esgsoroe.dk\/verdensmaal\/#website"},"datePublished":"2019-10-08T15:56:13+00:00","dateModified":"2019-12-02T10:06:30+00:00","breadcrumb":{"@id":"https:\/\/esgsoroe.dk\/verdensmaal\/indsend-din-ide\/#breadcrumb"},"inLanguage":"da-DK","potentialAction":[{"@type":"ReadAction","target":["https:\/\/esgsoroe.dk\/verdensmaal\/indsend-din-ide\/"]}]},{"@type":"BreadcrumbList","@id":"https:\/\/esgsoroe.dk\/verdensmaal\/indsend-din-ide\/#breadcrumb","itemListElement":[{"@type":"ListItem","position":1,"name":"Hjem","item":"https:\/\/esgsoroe.dk\/verdensmaal\/"},{"@type":"ListItem","position":2,"name":"Indsend din id\u00e9"}]},{"@type":"WebSite","@id":"https:\/\/esgsoroe.dk\/verdensmaal\/#website","url":"https:\/\/esgsoroe.dk\/verdensmaal\/","name":"Verdensm\u00e5l","description":"- for b\u00e6redygtig udvikling","potentialAction":[{"@type":"SearchAction","target":{"@type":"EntryPoint","urlTemplate":"https:\/\/esgsoroe.dk\/verdensmaal\/?s={search_term_string}"},"query-input":{"@type":"PropertyValueSpecification","valueRequired":true,"valueName":"search_term_string"}}],"inLanguage":"da-DK"}]}},"_links":{"self":[{"href":"https:\/\/esgsoroe.dk\/verdensmaal\/wp-json\/wp\/v2\/pages\/164","targetHints":{"allow":["GET"]}}],"collection":[{"href":"https:\/\/esgsoroe.dk\/verdensmaal\/wp-json\/wp\/v2\/pages"}],"about":[{"href":"https:\/\/esgsoroe.dk\/verdensmaal\/wp-json\/wp\/v2\/types\/page"}],"author":[{"embeddable":true,"href":"https:\/\/esgsoroe.dk\/verdensmaal\/wp-json\/wp\/v2\/users\/1"}],"replies":[{"embeddable":true,"href":"https:\/\/esgsoroe.dk\/verdensmaal\/wp-json\/wp\/v2\/comments?post=164"}],"version-history":[{"count":1,"href":"https:\/\/esgsoroe.dk\/verdensmaal\/wp-json\/wp\/v2\/pages\/164\/revisions"}],"predecessor-version":[{"id":519,"href":"https:\/\/esgsoroe.dk\/verdensmaal\/wp-json\/wp\/v2\/pages\/164\/revisions\/519"}],"wp:attachment":[{"href":"https:\/\/esgsoroe.dk\/verdensmaal\/wp-json\/wp\/v2\/media?parent=164"}],"curies":[{"name":"wp","href":"https:\/\/api.w.org\/{rel}","templated":true}]}}